{"id":22,"date":"2026-04-03T12:32:29","date_gmt":"2026-04-03T12:32:29","guid":{"rendered":"https:\/\/lespagespapopent.fr\/?page_id=22"},"modified":"2026-04-03T12:37:58","modified_gmt":"2026-04-03T12:37:58","slug":"dans-la-tete-de-sylvie","status":"publish","type":"page","link":"https:\/\/lespagespapopent.fr\/?page_id=22","title":{"rendered":"Dans la t\u00eate de Sylvie"},"content":{"rendered":"\n<figure class=\"wp-block-image size-large is-resized\"><img loading=\"lazy\" decoding=\"async\" width=\"768\" height=\"1024\" src=\"https:\/\/lespagespapopent.fr\/wp-content\/uploads\/2026\/04\/sylvie-768x1024.jpeg\" alt=\"\" class=\"wp-image-52\" style=\"width:269px;height:auto\" srcset=\"https:\/\/lespagespapopent.fr\/wp-content\/uploads\/2026\/04\/sylvie-768x1024.jpeg 768w, https:\/\/lespagespapopent.fr\/wp-content\/uploads\/2026\/04\/sylvie-225x300.jpeg 225w, https:\/\/lespagespapopent.fr\/wp-content\/uploads\/2026\/04\/sylvie-1152x1536.jpeg 1152w, https:\/\/lespagespapopent.fr\/wp-content\/uploads\/2026\/04\/sylvie-rotated.jpeg 1158w\" sizes=\"auto, (max-width: 768px) 100vw, 768px\" \/><\/figure>\n\n\n\n<h2 class=\"wp-block-heading\">Une pile \u00e0 lire ?<br>Non\u2026 plut\u00f4t une montagne.<\/h2>\n\n\n\n<p>Chez Sylvie, les livres s\u2019accumulent doucement.<br>Sans pression. Sans urgence.<br>Ils attendent leur moment.<\/p>\n\n\n\n<p>Il y a les romans d\u2019aujourd\u2019hui, ceux d\u2019hier,<br>les textes po\u00e9tiques, les r\u00e9cits plus intimes,<br>la litt\u00e9rature japonaise qu\u2019elle aime retrouver,<br>les autobiographies qui racontent des vies diff\u00e9rentes.<\/p>\n\n\n\n<p>Un peu de tout, en r\u00e9alit\u00e9.<br>Selon l\u2019humeur. Selon l\u2019envie.<\/p>\n\n\n\n<p>Certains resteront longtemps sur la table de chevet.<br>D\u2019autres seront ouverts presque par surprise.<\/p>\n\n\n\n<p>Rien n\u2019est planifi\u00e9.<br>Juste l\u2019envie de lire, au bon moment.<\/p>\n\n\n\n<p>Et dans cette pile \u2014 ou cette montagne \u2014<br>il y a toujours, quelque part,<br>le prochain livre qui l\u2019attend.<\/p>\n\n\n\n<p><\/p>\n","protected":false},"excerpt":{"rendered":"<p>Une pile \u00e0 lire ?Non\u2026 plut\u00f4t une montagne. Chez Sylvie, les livres s\u2019accumulent doucement.Sans pression. Sans urgence.Ils attendent leur moment. Il y a les romans d\u2019aujourd\u2019hui, ceux d\u2019hier,les textes po\u00e9tiques, les r\u00e9cits plus intimes,la litt\u00e9rature japonaise qu\u2019elle aime retrouver,les autobiographies qui racontent des vies diff\u00e9rentes. Un peu de tout, en r\u00e9alit\u00e9.Selon l\u2019humeur. Selon l\u2019envie. Certains\u2026<\/p>\n","protected":false},"author":1,"featured_media":0,"parent":0,"menu_order":0,"comment_status":"closed","ping_status":"closed","template":"","meta":{"footnotes":""},"class_list":["post-22","page","type-page","status-publish","hentry"],"_links":{"self":[{"href":"https:\/\/lespagespapopent.fr\/index.php?rest_route=\/wp\/v2\/pages\/22","targetHints":{"allow":["GET"]}}],"collection":[{"href":"https:\/\/lespagespapopent.fr\/index.php?rest_route=\/wp\/v2\/pages"}],"about":[{"href":"https:\/\/lespagespapopent.fr\/index.php?rest_route=\/wp\/v2\/types\/page"}],"author":[{"embeddable":true,"href":"https:\/\/lespagespapopent.fr\/index.php?rest_route=\/wp\/v2\/users\/1"}],"replies":[{"embeddable":true,"href":"https:\/\/lespagespapopent.fr\/index.php?rest_route=%2Fwp%2Fv2%2Fcomments&post=22"}],"version-history":[{"count":3,"href":"https:\/\/lespagespapopent.fr\/index.php?rest_route=\/wp\/v2\/pages\/22\/revisions"}],"predecessor-version":[{"id":54,"href":"https:\/\/lespagespapopent.fr\/index.php?rest_route=\/wp\/v2\/pages\/22\/revisions\/54"}],"wp:attachment":[{"href":"https:\/\/lespagespapopent.fr\/index.php?rest_route=%2Fwp%2Fv2%2Fmedia&parent=22"}],"curies":[{"name":"wp","href":"https:\/\/api.w.org\/{rel}","templated":true}]}}